{"id":4281,"date":"2022-02-07T17:52:51","date_gmt":"2022-02-07T16:52:51","guid":{"rendered":"https:\/\/www.cbe-horizon.fr\/trabajo-en-equipo\/"},"modified":"2022-02-07T17:52:51","modified_gmt":"2022-02-07T16:52:51","slug":"trabajo-en-equipo","status":"publish","type":"page","link":"https:\/\/cbe-horizon.fr\/es\/las-actividades\/trabajo-en-equipo\/","title":{"rendered":"Trabajo en equipo"},"content":{"rendered":"\t\t<div data-elementor-type=\"wp-page\" data-elementor-id=\"4281\" class=\"elementor elementor-4281 elementor-1889\" data-elementor-post-type=\"page\">\n\t\t\t\t\t\t<section class=\"elementor-section elementor-top-section elementor-element elementor-element-8ce08d1 elementor-section-boxed elementor-section-height-default elementor-section-height-default\" data-id=\"8ce08d1\" data-element_type=\"section\" data-e-type=\"section\" data-settings=\"{&quot;jet_parallax_layout_list&quot;:[{&quot;jet_parallax_layout_image&quot;:{&quot;url&quot;:&quot;&quot;,&quot;id&quot;:&quot;&quot;,&quot;size&quot;:&quot;&quot;},&quot;_id&quot;:&quot;6c5da07&quot;,&quot;jet_parallax_layout_image_tablet&quot;:{&quot;url&quot;:&quot;&quot;,&quot;id&quot;:&quot;&quot;,&quot;size&quot;:&quot;&quot;},&quot;jet_parallax_layout_image_mobile&quot;:{&quot;url&quot;:&quot;&quot;,&quot;id&quot;:&quot;&quot;,&quot;size&quot;:&quot;&quot;},&quot;jet_parallax_layout_speed&quot;:{&quot;unit&quot;:&quot;%&quot;,&quot;size&quot;:50,&quot;sizes&quot;:[]},&quot;jet_parallax_layout_type&quot;:&quot;scroll&quot;,&quot;jet_parallax_layout_direction&quot;:&quot;1&quot;,&quot;jet_parallax_layout_fx_direction&quot;:null,&quot;jet_parallax_layout_z_index&quot;:&quot;&quot;,&quot;jet_parallax_layout_bg_x&quot;:50,&quot;jet_parallax_layout_bg_y&quot;:50,&quot;jet_parallax_layout_bg_size&quot;:&quot;auto&quot;,&quot;jet_parallax_layout_animation_prop&quot;:&quot;transform&quot;,&quot;jet_parallax_layout_on&quot;:[&quot;desktop&quot;,&quot;tablet&quot;],&quot;jet_parallax_layout_bg_x_tablet&quot;:&quot;&quot;,&quot;jet_parallax_layout_bg_x_mobile&quot;:&quot;&quot;,&quot;jet_parallax_layout_bg_y_tablet&quot;:&quot;&quot;,&quot;jet_parallax_layout_bg_y_mobile&quot;:&quot;&quot;,&quot;jet_parallax_layout_bg_size_tablet&quot;:&quot;&quot;,&quot;jet_parallax_layout_bg_size_mobile&quot;:&quot;&quot;}]}\">\n\t\t\t\t\t\t<div class=\"elementor-container elementor-column-gap-default\">\n\t\t\t\t\t<div class=\"elementor-column elementor-col-100 elementor-top-column elementor-element elementor-element-a97c2b4\" data-id=\"a97c2b4\" data-element_type=\"column\" data-e-type=\"column\">\n\t\t\t<div class=\"elementor-widget-wrap elementor-element-populated\">\n\t\t\t\t\t\t<div class=\"elementor-element elementor-element-7a3204b elementor-invisible elementor-widget elementor-widget-heading\" data-id=\"7a3204b\" data-element_type=\"widget\" data-e-type=\"widget\" data-settings=\"{&quot;_animation&quot;:&quot;fadeInLeft&quot;}\" data-widget_type=\"heading.default\">\n\t\t\t\t<div class=\"elementor-widget-container\">\n\t\t\t\t\t<h1 class=\"elementor-heading-title elementor-size-default\">Team Building en el Pa\u00eds Vasco<\/h1>\t\t\t\t<\/div>\n\t\t\t\t<\/div>\n\t\t\t\t<div class=\"elementor-element elementor-element-e13c166 elementor-widget elementor-widget-text-editor\" data-id=\"e13c166\" data-element_type=\"widget\" data-e-type=\"widget\" data-widget_type=\"text-editor.default\">\n\t\t\t\t<div class=\"elementor-widget-container\">\n\t\t\t\t\t\t\t\t\t<h2>\u00a1Un lugar ideal entre el Oc\u00e9ano Atl\u00e1ntico y los Pirineos para estancias ricas en descubrimientos y sensaciones en el Pa\u00eds Vasco!<\/h2>\n\t\t\t\t\t\t\t\t<\/div>\n\t\t\t\t<\/div>\n\t\t\t\t\t<\/div>\n\t\t<\/div>\n\t\t\t\t\t<\/div>\n\t\t<\/section>\n\t\t\t\t<section class=\"elementor-section elementor-top-section elementor-element elementor-element-2bcb3a1 elementor-section-boxed elementor-section-height-default elementor-section-height-default\" data-id=\"2bcb3a1\" data-element_type=\"section\" data-e-type=\"section\" data-settings=\"{&quot;jet_parallax_layout_list&quot;:[{&quot;jet_parallax_layout_image&quot;:{&quot;url&quot;:&quot;&quot;,&quot;id&quot;:&quot;&quot;,&quot;size&quot;:&quot;&quot;},&quot;_id&quot;:&quot;5d860a1&quot;,&quot;jet_parallax_layout_image_tablet&quot;:{&quot;url&quot;:&quot;&quot;,&quot;id&quot;:&quot;&quot;,&quot;size&quot;:&quot;&quot;},&quot;jet_parallax_layout_image_mobile&quot;:{&quot;url&quot;:&quot;&quot;,&quot;id&quot;:&quot;&quot;,&quot;size&quot;:&quot;&quot;},&quot;jet_parallax_layout_speed&quot;:{&quot;unit&quot;:&quot;%&quot;,&quot;size&quot;:50,&quot;sizes&quot;:[]},&quot;jet_parallax_layout_type&quot;:&quot;scroll&quot;,&quot;jet_parallax_layout_direction&quot;:&quot;1&quot;,&quot;jet_parallax_layout_fx_direction&quot;:null,&quot;jet_parallax_layout_z_index&quot;:&quot;&quot;,&quot;jet_parallax_layout_bg_x&quot;:50,&quot;jet_parallax_layout_bg_y&quot;:50,&quot;jet_parallax_layout_bg_size&quot;:&quot;auto&quot;,&quot;jet_parallax_layout_animation_prop&quot;:&quot;transform&quot;,&quot;jet_parallax_layout_on&quot;:[&quot;desktop&quot;,&quot;tablet&quot;],&quot;jet_parallax_layout_bg_x_tablet&quot;:&quot;&quot;,&quot;jet_parallax_layout_bg_x_mobile&quot;:&quot;&quot;,&quot;jet_parallax_layout_bg_y_tablet&quot;:&quot;&quot;,&quot;jet_parallax_layout_bg_y_mobile&quot;:&quot;&quot;,&quot;jet_parallax_layout_bg_size_tablet&quot;:&quot;&quot;,&quot;jet_parallax_layout_bg_size_mobile&quot;:&quot;&quot;}]}\">\n\t\t\t\t\t\t<div class=\"elementor-container elementor-column-gap-default\">\n\t\t\t\t\t<div class=\"elementor-column elementor-col-100 elementor-top-column elementor-element elementor-element-83a31cd\" data-id=\"83a31cd\" data-element_type=\"column\" data-e-type=\"column\">\n\t\t\t<div class=\"elementor-widget-wrap elementor-element-populated\">\n\t\t\t\t\t\t<div class=\"elementor-element elementor-element-cdcf8ac elementor-widget elementor-widget-gallery\" data-id=\"cdcf8ac\" data-element_type=\"widget\" data-e-type=\"widget\" data-settings=\"{&quot;lazyload&quot;:&quot;yes&quot;,&quot;gallery_layout&quot;:&quot;grid&quot;,&quot;columns&quot;:4,&quot;columns_tablet&quot;:2,&quot;columns_mobile&quot;:1,&quot;gap&quot;:{&quot;unit&quot;:&quot;px&quot;,&quot;size&quot;:10,&quot;sizes&quot;:[]},&quot;gap_tablet&quot;:{&quot;unit&quot;:&quot;px&quot;,&quot;size&quot;:10,&quot;sizes&quot;:[]},&quot;gap_mobile&quot;:{&quot;unit&quot;:&quot;px&quot;,&quot;size&quot;:10,&quot;sizes&quot;:[]},&quot;link_to&quot;:&quot;file&quot;,&quot;aspect_ratio&quot;:&quot;3:2&quot;,&quot;overlay_background&quot;:&quot;yes&quot;,&quot;content_hover_animation&quot;:&quot;fade-in&quot;}\" data-widget_type=\"gallery.default\">\n\t\t\t\t<div class=\"elementor-widget-container\">\n\t\t\t\t\t\t\t<div class=\"elementor-gallery__container\">\n\t\t\t\t\t\t\t<a class=\"e-gallery-item elementor-gallery-item elementor-animated-content\" href=\"https:\/\/cbe-horizon.fr\/wp-content\/uploads\/2020\/02\/2019-09-17-19.03.09.jpg\" data-elementor-open-lightbox=\"yes\" data-elementor-lightbox-slideshow=\"cdcf8ac\" data-elementor-lightbox-title=\"2019-09-17 19.03.09\" data-e-action-hash=\"#elementor-action%3Aaction%3Dlightbox%26settings%3DeyJpZCI6MzU5NSwidXJsIjoiaHR0cHM6XC9cL2NiZS1ob3Jpem9uLmZyXC93cC1jb250ZW50XC91cGxvYWRzXC8yMDIwXC8wMlwvMjAxOS0wOS0xNy0xOS4wMy4wOS5qcGciLCJzbGlkZXNob3ciOiJjZGNmOGFjIn0%3D\">\n\t\t\t\t\t<div class=\"e-gallery-image elementor-gallery-item__image\" data-thumbnail=\"https:\/\/cbe-horizon.fr\/wp-content\/uploads\/2020\/02\/2019-09-17-19.03.09-225x300.jpg\" data-width=\"225\" data-height=\"300\" aria-label=\"\" role=\"img\" ><\/div>\n\t\t\t\t\t\t\t\t\t\t\t<div class=\"elementor-gallery-item__overlay\"><\/div>\n\t\t\t\t\t\t\t\t\t\t\t\t\t\t<\/a>\n\t\t\t\t\t\t\t<a class=\"e-gallery-item elementor-gallery-item elementor-animated-content\" href=\"https:\/\/cbe-horizon.fr\/wp-content\/uploads\/2020\/02\/BELLAVISTAGUESTCENTERPAYSBASQUE-310.jpg\" data-elementor-open-lightbox=\"yes\" data-elementor-lightbox-slideshow=\"cdcf8ac\" data-elementor-lightbox-title=\"BELLAVISTAGUESTCENTERPAYSBASQUE (310)\" data-e-action-hash=\"#elementor-action%3Aaction%3Dlightbox%26settings%3DeyJpZCI6MzU5NywidXJsIjoiaHR0cHM6XC9cL2NiZS1ob3Jpem9uLmZyXC93cC1jb250ZW50XC91cGxvYWRzXC8yMDIwXC8wMlwvQkVMTEFWSVNUQUdVRVNUQ0VOVEVSUEFZU0JBU1FVRS0zMTAuanBnIiwic2xpZGVzaG93IjoiY2RjZjhhYyJ9\">\n\t\t\t\t\t<div class=\"e-gallery-image elementor-gallery-item__image\" data-thumbnail=\"https:\/\/cbe-horizon.fr\/wp-content\/uploads\/2020\/02\/BELLAVISTAGUESTCENTERPAYSBASQUE-310-225x300.jpg\" data-width=\"225\" data-height=\"300\" aria-label=\"\" role=\"img\" ><\/div>\n\t\t\t\t\t\t\t\t\t\t\t<div class=\"elementor-gallery-item__overlay\"><\/div>\n\t\t\t\t\t\t\t\t\t\t\t\t\t\t<\/a>\n\t\t\t\t\t\t\t<a class=\"e-gallery-item elementor-gallery-item elementor-animated-content\" href=\"https:\/\/cbe-horizon.fr\/wp-content\/uploads\/2020\/01\/BELLAVISTAGUESTCENTERPAYSBASQUE-2.png\" data-elementor-open-lightbox=\"yes\" data-elementor-lightbox-slideshow=\"cdcf8ac\" data-elementor-lightbox-title=\"CENTRO DE INVITADOS BELLAVISTAPA\u00cdS VASCO-(2)\" data-e-action-hash=\"#elementor-action%3Aaction%3Dlightbox%26settings%3DeyJpZCI6MzQzOSwidXJsIjoiaHR0cHM6XC9cL2NiZS1ob3Jpem9uLmZyXC93cC1jb250ZW50XC91cGxvYWRzXC8yMDIwXC8wMVwvQkVMTEFWSVNUQUdVRVNUQ0VOVEVSUEFZU0JBU1FVRS0yLnBuZyIsInNsaWRlc2hvdyI6ImNkY2Y4YWMifQ%3D%3D\">\n\t\t\t\t\t<div class=\"e-gallery-image elementor-gallery-item__image\" data-thumbnail=\"https:\/\/cbe-horizon.fr\/wp-content\/uploads\/2020\/01\/BELLAVISTAGUESTCENTERPAYSBASQUE-2-300x300.png\" data-width=\"300\" data-height=\"300\" aria-label=\"\" role=\"img\" ><\/div>\n\t\t\t\t\t\t\t\t\t\t\t<div class=\"elementor-gallery-item__overlay\"><\/div>\n\t\t\t\t\t\t\t\t\t\t\t\t\t\t<\/a>\n\t\t\t\t\t\t\t<a class=\"e-gallery-item elementor-gallery-item elementor-animated-content\" href=\"https:\/\/cbe-horizon.fr\/wp-content\/uploads\/2020\/02\/BELLAVISTAGUESTCENTERPAYSBASQUE-328.jpg\" data-elementor-open-lightbox=\"yes\" data-elementor-lightbox-slideshow=\"cdcf8ac\" data-elementor-lightbox-title=\"BELLAVISTAGUESTCENTERPAYSBASQUE (328)\" data-e-action-hash=\"#elementor-action%3Aaction%3Dlightbox%26settings%3DeyJpZCI6MzU5OSwidXJsIjoiaHR0cHM6XC9cL2NiZS1ob3Jpem9uLmZyXC93cC1jb250ZW50XC91cGxvYWRzXC8yMDIwXC8wMlwvQkVMTEFWSVNUQUdVRVNUQ0VOVEVSUEFZU0JBU1FVRS0zMjguanBnIiwic2xpZGVzaG93IjoiY2RjZjhhYyJ9\">\n\t\t\t\t\t<div class=\"e-gallery-image elementor-gallery-item__image\" data-thumbnail=\"https:\/\/cbe-horizon.fr\/wp-content\/uploads\/2020\/02\/BELLAVISTAGUESTCENTERPAYSBASQUE-328-300x101.jpg\" data-width=\"300\" data-height=\"101\" aria-label=\"\" role=\"img\" ><\/div>\n\t\t\t\t\t\t\t\t\t\t\t<div class=\"elementor-gallery-item__overlay\"><\/div>\n\t\t\t\t\t\t\t\t\t\t\t\t\t\t<\/a>\n\t\t\t\t\t<\/div>\n\t\t\t\t\t<\/div>\n\t\t\t\t<\/div>\n\t\t\t\t\t<\/div>\n\t\t<\/div>\n\t\t\t\t\t<\/div>\n\t\t<\/section>\n\t\t\t\t<section class=\"elementor-section elementor-top-section elementor-element elementor-element-8313026 elementor-section-boxed elementor-section-height-default elementor-section-height-default\" data-id=\"8313026\" data-element_type=\"section\" data-e-type=\"section\" data-settings=\"{&quot;jet_parallax_layout_list&quot;:[{&quot;jet_parallax_layout_image&quot;:{&quot;url&quot;:&quot;&quot;,&quot;id&quot;:&quot;&quot;,&quot;size&quot;:&quot;&quot;},&quot;_id&quot;:&quot;7e7ce33&quot;,&quot;jet_parallax_layout_image_tablet&quot;:{&quot;url&quot;:&quot;&quot;,&quot;id&quot;:&quot;&quot;,&quot;size&quot;:&quot;&quot;},&quot;jet_parallax_layout_image_mobile&quot;:{&quot;url&quot;:&quot;&quot;,&quot;id&quot;:&quot;&quot;,&quot;size&quot;:&quot;&quot;},&quot;jet_parallax_layout_speed&quot;:{&quot;unit&quot;:&quot;%&quot;,&quot;size&quot;:50,&quot;sizes&quot;:[]},&quot;jet_parallax_layout_type&quot;:&quot;scroll&quot;,&quot;jet_parallax_layout_direction&quot;:&quot;1&quot;,&quot;jet_parallax_layout_fx_direction&quot;:null,&quot;jet_parallax_layout_z_index&quot;:&quot;&quot;,&quot;jet_parallax_layout_bg_x&quot;:50,&quot;jet_parallax_layout_bg_y&quot;:50,&quot;jet_parallax_layout_bg_size&quot;:&quot;auto&quot;,&quot;jet_parallax_layout_animation_prop&quot;:&quot;transform&quot;,&quot;jet_parallax_layout_on&quot;:[&quot;desktop&quot;,&quot;tablet&quot;],&quot;jet_parallax_layout_bg_x_tablet&quot;:&quot;&quot;,&quot;jet_parallax_layout_bg_x_mobile&quot;:&quot;&quot;,&quot;jet_parallax_layout_bg_y_tablet&quot;:&quot;&quot;,&quot;jet_parallax_layout_bg_y_mobile&quot;:&quot;&quot;,&quot;jet_parallax_layout_bg_size_tablet&quot;:&quot;&quot;,&quot;jet_parallax_layout_bg_size_mobile&quot;:&quot;&quot;}]}\">\n\t\t\t\t\t\t<div class=\"elementor-container elementor-column-gap-default\">\n\t\t\t\t\t<div class=\"elementor-column elementor-col-50 elementor-top-column elementor-element elementor-element-4deb536\" data-id=\"4deb536\" data-element_type=\"column\" data-e-type=\"column\">\n\t\t\t<div class=\"elementor-widget-wrap elementor-element-populated\">\n\t\t\t\t\t\t<div class=\"elementor-element elementor-element-51c8b93 elementor-widget elementor-widget-text-editor\" data-id=\"51c8b93\" data-element_type=\"widget\" data-e-type=\"widget\" data-widget_type=\"text-editor.default\">\n\t\t\t\t<div class=\"elementor-widget-container\">\n\t\t\t\t\t\t\t\t\t<p>F\u00f3rmulas a la carta o \u00abtodo incluido\u00bb para tu reuni\u00f3n de trabajo, reuni\u00f3n, seminario, en Hendaya, a partir de 10 personas.<\/p>\n<p>Para la estancia diurna o residencial, disponemos de 3 salas de reuniones (equipadas con retroproyector, pizarra de papel), 26 habitaciones de 2 camas con ba\u00f1o privado, restaurante con capacidad para 100 comensales.<\/p>\n<p>Construcci\u00f3n en madera, ahorro energ\u00e9tico, paneles solares y captaci\u00f3n de agua de lluvia. Diariamente, nos preocupamos por limitar nuestro impacto en el medio ambiente utilizando productos certificados con la etiqueta ecol\u00f3gica y practicando la clasificaci\u00f3n selectiva.<\/p>\n<p>ella Vista Guest Center es un centro internacional de alojamiento para grupos eco-responsable en Hendaya.<\/p>\n<p>Construcci\u00f3n en madera, ahorro energ\u00e9tico, paneles solares y captaci\u00f3n de agua de lluvia. Diariamente, nos preocupamos por limitar nuestro impacto en el medio ambiente utilizando productos certificados con la etiqueta ecol\u00f3gica y practicando la clasificaci\u00f3n selectiva.<\/p>\n\t\t\t\t\t\t\t\t<\/div>\n\t\t\t\t<\/div>\n\t\t\t\t\t<\/div>\n\t\t<\/div>\n\t\t\t\t<div class=\"elementor-column elementor-col-50 elementor-top-column elementor-element elementor-element-acb44d6\" data-id=\"acb44d6\" data-element_type=\"column\" data-e-type=\"column\">\n\t\t\t<div class=\"elementor-widget-wrap elementor-element-populated\">\n\t\t\t\t\t\t<div class=\"elementor-element elementor-element-39ef978 elementor-invisible elementor-widget elementor-widget-image\" data-id=\"39ef978\" data-element_type=\"widget\" data-e-type=\"widget\" data-settings=\"{&quot;_animation&quot;:&quot;fadeInRight&quot;}\" data-widget_type=\"image.default\">\n\t\t\t\t<div class=\"elementor-widget-container\">\n\t\t\t\t\t\t\t\t\t\t\t\t\t\t\t<img fetchpriority=\"high\" decoding=\"async\" width=\"1024\" height=\"457\" src=\"https:\/\/cbe-horizon.fr\/wp-content\/uploads\/2020\/01\/BELLAVISTAGUESTCENTERPAYSBASQUE-EXTERIEUR1-1024x457.jpg\" class=\"attachment-large size-large wp-image-3275\" alt=\"\" srcset=\"https:\/\/cbe-horizon.fr\/wp-content\/uploads\/2020\/01\/BELLAVISTAGUESTCENTERPAYSBASQUE-EXTERIEUR1-1024x457.jpg 1024w, https:\/\/cbe-horizon.fr\/wp-content\/uploads\/2020\/01\/BELLAVISTAGUESTCENTERPAYSBASQUE-EXTERIEUR1-300x134.jpg 300w, https:\/\/cbe-horizon.fr\/wp-content\/uploads\/2020\/01\/BELLAVISTAGUESTCENTERPAYSBASQUE-EXTERIEUR1-768x342.jpg 768w, https:\/\/cbe-horizon.fr\/wp-content\/uploads\/2020\/01\/BELLAVISTAGUESTCENTERPAYSBASQUE-EXTERIEUR1-600x268.jpg 600w, https:\/\/cbe-horizon.fr\/wp-content\/uploads\/2020\/01\/BELLAVISTAGUESTCENTERPAYSBASQUE-EXTERIEUR1.jpg 1350w\" sizes=\"(max-width: 1024px) 100vw, 1024px\" \/>\t\t\t\t\t\t\t\t\t\t\t\t\t\t\t<\/div>\n\t\t\t\t<\/div>\n\t\t\t\t\t<\/div>\n\t\t<\/div>\n\t\t\t\t\t<\/div>\n\t\t<\/section>\n\t\t\t\t<\/div>\n\t\t","protected":false},"excerpt":{"rendered":"<p>Team Building en el Pa\u00eds Vasco \u00a1Un lugar ideal entre el Oc\u00e9ano Atl\u00e1ntico y los Pirineos para estancias ricas en descubrimientos y sensaciones en el Pa\u00eds Vasco! F\u00f3rmulas a la carta o \u00abtodo incluido\u00bb para tu reuni\u00f3n de trabajo, reuni\u00f3n, seminario, en Hendaya, a partir de 10 personas. Para la estancia diurna o residencial, disponemos [&hellip;]<\/p>\n","protected":false},"author":7,"featured_media":0,"parent":4438,"menu_order":10,"comment_status":"closed","ping_status":"closed","template":"elementor_header_footer","meta":{"content-type":"","_monsterinsights_skip_tracking":false,"_monsterinsights_sitenote_active":false,"_monsterinsights_sitenote_note":"","_monsterinsights_sitenote_category":0,"footnotes":""},"class_list":["post-4281","page","type-page","status-publish","hentry"],"aioseo_notices":[],"_links":{"self":[{"href":"https:\/\/cbe-horizon.fr\/es\/wp-json\/wp\/v2\/pages\/4281","targetHints":{"allow":["GET"]}}],"collection":[{"href":"https:\/\/cbe-horizon.fr\/es\/wp-json\/wp\/v2\/pages"}],"about":[{"href":"https:\/\/cbe-horizon.fr\/es\/wp-json\/wp\/v2\/types\/page"}],"author":[{"embeddable":true,"href":"https:\/\/cbe-horizon.fr\/es\/wp-json\/wp\/v2\/users\/7"}],"replies":[{"embeddable":true,"href":"https:\/\/cbe-horizon.fr\/es\/wp-json\/wp\/v2\/comments?post=4281"}],"version-history":[{"count":1,"href":"https:\/\/cbe-horizon.fr\/es\/wp-json\/wp\/v2\/pages\/4281\/revisions"}],"predecessor-version":[{"id":4286,"href":"https:\/\/cbe-horizon.fr\/es\/wp-json\/wp\/v2\/pages\/4281\/revisions\/4286"}],"up":[{"embeddable":true,"href":"https:\/\/cbe-horizon.fr\/es\/wp-json\/wp\/v2\/pages\/4438"}],"wp:attachment":[{"href":"https:\/\/cbe-horizon.fr\/es\/wp-json\/wp\/v2\/media?parent=4281"}],"curies":[{"name":"wp","href":"https:\/\/api.w.org\/{rel}","templated":true}]}}