{"id":4291,"date":"2022-02-07T17:52:56","date_gmt":"2022-02-07T16:52:56","guid":{"rendered":"https:\/\/www.cbe-horizon.fr\/politica-de-confidencialidad\/"},"modified":"2022-02-07T17:52:57","modified_gmt":"2022-02-07T16:52:57","slug":"politica-de-confidencialidad","status":"publish","type":"page","link":"https:\/\/cbe-horizon.fr\/es\/politica-de-confidencialidad\/","title":{"rendered":"pol\u00edtica de confidencialidad"},"content":{"rendered":"\n<p><strong>pol\u00edtica de confidencialidad<\/strong><\/p>\n\n<p><strong>1. Recopilaci\u00f3n de informaci\u00f3n<\/strong><\/p>\n\n<p>Recopilamos informaci\u00f3n cuando se registra en nuestro sitio, inicia sesi\u00f3n en su cuenta, realiza una compra, participa en un concurso y\/o cierra sesi\u00f3n. La informaci\u00f3n recopilada incluye su nombre, direcci\u00f3n de correo electr\u00f3nico, n\u00famero de tel\u00e9fono.<\/p>\n\n<p>Adem\u00e1s, recibimos y registramos autom\u00e1ticamente informaci\u00f3n de su computadora y navegador, incluida su direcci\u00f3n IP, software y hardware, y la p\u00e1gina que solicita.<\/p>\n\n<p><strong>2. Uso de la informaci\u00f3n<\/strong><\/p>\n\n<p>Cualquier informaci\u00f3n que recopilemos de usted puede ser utilizada para:<\/p>\n\n<ul class=\"wp-block-list\"><li>Personalice su experiencia y satisfaga sus necesidades individuales<\/li><li>Proporcionar contenido publicitario personalizado.<\/li><li>Mejorar nuestro sitio web<\/li><li>Mejore el servicio al cliente y sus necesidades de soporte<\/li><li>contactarlo por correo electr\u00f3nico<\/li><li>Administrar un concurso, promoci\u00f3n o encuesta<\/li><\/ul>\n\n<p><strong>3. Confidencialidad del comercio online<\/strong><\/p>\n\n<p>Somos los \u00fanicos propietarios de la informaci\u00f3n recopilada en este sitio. Su informaci\u00f3n personal no se vender\u00e1, intercambiar\u00e1, transferir\u00e1 ni entregar\u00e1 a otra empresa por ning\u00fan motivo, sin su consentimiento, salvo que sea necesario para cumplir con una solicitud y\/o transacci\u00f3n, como enviar un pedido.<\/p>\n\n<p><strong>4. Divulgaci\u00f3n a terceros<\/strong><\/p>\n\n<p>No vendemos, intercambiamos ni transferimos su informaci\u00f3n de identificaci\u00f3n personal a terceros. Esto no incluye a terceros de confianza que nos ayuden a operar nuestro sitio web o realizar nuestro negocio, siempre que esas partes acuerden mantener la confidencialidad de esta informaci\u00f3n.<\/p>\n\n<p>Creemos que es necesario compartir informaci\u00f3n para investigar, prevenir o tomar medidas con respecto a actividades ilegales, sospechas de fraude, situaciones que involucren amenazas potenciales a la seguridad f\u00edsica de cualquier persona, violaciones de nuestros t\u00e9rminos de uso o cuando lo exija la ley.<\/p>\n\n<p>Sin embargo, la informaci\u00f3n no privada puede proporcionarse a otras partes para marketing, publicidad u otros usos.<\/p>\n\n<p><strong>5. Protecci\u00f3n de la informaci\u00f3n<\/strong><\/p>\n\n<p>Implementamos una variedad de medidas de seguridad para mantener la seguridad de su informaci\u00f3n personal. Utilizamos encriptaci\u00f3n de \u00faltima generaci\u00f3n para proteger la informaci\u00f3n confidencial transmitida en l\u00ednea. Tambi\u00e9n protegemos su informaci\u00f3n fuera de l\u00ednea. Solo los empleados que necesitan realizar un trabajo espec\u00edfico (por ejemplo, facturaci\u00f3n o servicio al cliente) tienen acceso a la informaci\u00f3n de identificaci\u00f3n personal. Las computadoras y los servidores utilizados para almacenar informaci\u00f3n de identificaci\u00f3n personal se mantienen en un entorno seguro.<\/p>\n\n<p><strong>\u00bfUsamos cookies?<\/strong><\/p>\n\n<p>Si. Nuestras cookies mejoran el acceso a nuestro sitio e identifican a los visitantes habituales. Adem\u00e1s, nuestras cookies mejoran la experiencia del usuario al rastrear y orientar sus intereses. Sin embargo, este uso de cookies no est\u00e1 vinculado de ninguna manera a ninguna informaci\u00f3n de identificaci\u00f3n personal en nuestro sitio.<\/p>\n\n<p><strong>6. Darse de baja<\/strong><\/p>\n\n<p>Usamos la direcci\u00f3n de correo electr\u00f3nico que proporciona para enviarle informaci\u00f3n sobre pedidos y actualizaciones, noticias ocasionales de la empresa, informaci\u00f3n relacionada con productos y m\u00e1s. Si en alg\u00fan momento desea darse de baja de recibir m\u00e1s correos electr\u00f3nicos, se incluyen instrucciones detalladas para darse de baja en la parte inferior de cada correo electr\u00f3nico.<\/p>\n\n<p><strong>7. Consentimiento<\/strong><br\/>Al usar nuestro sitio, usted acepta nuestra pol\u00edtica de privacidad.<\/p>\n","protected":false},"excerpt":{"rendered":"<p>pol\u00edtica de confidencialidad 1. Recopilaci\u00f3n de informaci\u00f3n Recopilamos informaci\u00f3n cuando se registra en nuestro sitio, inicia sesi\u00f3n en su cuenta, realiza una compra, participa en un concurso y\/o cierra sesi\u00f3n. La informaci\u00f3n recopilada incluye su nombre, direcci\u00f3n de correo electr\u00f3nico, n\u00famero de tel\u00e9fono. Adem\u00e1s, recibimos y registramos autom\u00e1ticamente informaci\u00f3n de su computadora y navegador, incluida [&hellip;]<\/p>\n","protected":false},"author":3,"featured_media":0,"parent":0,"menu_order":100,"comment_status":"closed","ping_status":"closed","template":"","meta":{"content-type":"","_monsterinsights_skip_tracking":false,"_monsterinsights_sitenote_active":false,"_monsterinsights_sitenote_note":"","_monsterinsights_sitenote_category":0,"footnotes":""},"class_list":["post-4291","page","type-page","status-publish","hentry"],"aioseo_notices":[],"_links":{"self":[{"href":"https:\/\/cbe-horizon.fr\/es\/wp-json\/wp\/v2\/pages\/4291","targetHints":{"allow":["GET"]}}],"collection":[{"href":"https:\/\/cbe-horizon.fr\/es\/wp-json\/wp\/v2\/pages"}],"about":[{"href":"https:\/\/cbe-horizon.fr\/es\/wp-json\/wp\/v2\/types\/page"}],"author":[{"embeddable":true,"href":"https:\/\/cbe-horizon.fr\/es\/wp-json\/wp\/v2\/users\/3"}],"replies":[{"embeddable":true,"href":"https:\/\/cbe-horizon.fr\/es\/wp-json\/wp\/v2\/comments?post=4291"}],"version-history":[{"count":1,"href":"https:\/\/cbe-horizon.fr\/es\/wp-json\/wp\/v2\/pages\/4291\/revisions"}],"predecessor-version":[{"id":4296,"href":"https:\/\/cbe-horizon.fr\/es\/wp-json\/wp\/v2\/pages\/4291\/revisions\/4296"}],"wp:attachment":[{"href":"https:\/\/cbe-horizon.fr\/es\/wp-json\/wp\/v2\/media?parent=4291"}],"curies":[{"name":"wp","href":"https:\/\/api.w.org\/{rel}","templated":true}]}}